{"id":7,"date":"2025-03-19T08:23:14","date_gmt":"2025-03-19T08:23:14","guid":{"rendered":"https:\/\/wstar77.blog\/?page_id=7"},"modified":"2026-04-11T09:11:07","modified_gmt":"2026-04-11T09:11:07","slug":"trang-chu","status":"publish","type":"page","link":"https:\/\/wstar77.blog\/","title":{"rendered":"Trang ch\u1ee7"},"content":{"rendered":"\r\n\n\t<section class=\"section\" id=\"section_573116672\">\n\t\t<div class=\"section-bg fill\" >\n\t\t\t\t\t\t\t\t\t\n\t\t\t\n\n\t\t<\/div>\n\n\t\t\n\n\t\t<div class=\"section-content relative\">\n\t\t\t <div class=\"row row-small\"  id=\"row-1867509538\"> \n\t<div id=\"col-466080302\" class=\"col medium-6 small-12 large-6\"  >\n\t\t\t\t<div class=\"col-inner\"  >\n\t\t\t\n\t\t\t \t<div class=\"img has-hover x md-x lg-x y md-y lg-y\" id=\"image_564060288\">\n\t\t\t\t\t\t\t\t<div class=\"img-inner dark\" >\n\t\t\t<img loading=\"lazy\" decoding=\"async\" width=\"900\" height=\"250\" src=\"https:\/\/wstar77.blog\/wp-content\/uploads\/2025\/03\/a8c3db80-9b12-4df8-b570-aa6fc74948e4.gif\" class=\"attachment-original size-original\" alt=\"\" \/>\t\t\t\t\t\t\n\t\t\t\t\t<\/div>\n\t\t\t\t\t\t\t\t\n<style>\n#image_564060288 {\n  width: 100%;\n}\n<\/style>\n\t<\/div>\n\t \t\t<\/div>\n\t\t\t\t\t<\/div>\n\n\t \n\t<div id=\"col-1495754305\" class=\"col medium-6 small-12 large-6\"  >\n\t\t\t\t<div class=\"col-inner\"  >\n\t\t\t\n\t\t\t \t<div class=\"img has-hover x md-x lg-x y md-y lg-y\" id=\"image_1026287657\">\n\t\t\t\t\t\t\t\t<div class=\"img-inner dark\" >\n\t\t\t<img loading=\"lazy\" decoding=\"async\" width=\"800\" height=\"240\" src=\"https:\/\/wstar77.blog\/wp-content\/uploads\/2025\/03\/9821VNDRevamp1stPromo.png\" class=\"attachment-original size-original\" alt=\"\" srcset=\"https:\/\/wstar77.blog\/wp-content\/uploads\/2025\/03\/9821VNDRevamp1stPromo.png 800w, https:\/\/wstar77.blog\/wp-content\/uploads\/2025\/03\/9821VNDRevamp1stPromo-300x90.png 300w, https:\/\/wstar77.blog\/wp-content\/uploads\/2025\/03\/9821VNDRevamp1stPromo-768x230.png 768w\" sizes=\"auto, (max-width: 800px) 100vw, 800px\" \/>\t\t\t\t\t\t\n\t\t\t\t\t<\/div>\n\t\t\t\t\t\t\t\t\n<style>\n#image_1026287657 {\n  width: 100%;\n}\n<\/style>\n\t<\/div>\n\t \t\t<\/div>\n\t\t\t\t\t<\/div>\n\n\t \n\t<div id=\"col-620365703\" class=\"col medium-6 small-12 large-6\"  >\n\t\t\t\t<div class=\"col-inner\"  >\n\t\t\t\n\t\t\t \t<div class=\"img has-hover x md-x lg-x y md-y lg-y\" id=\"image_496085154\">\n\t\t\t\t\t\t\t\t<div class=\"img-inner dark\" >\n\t\t\t<img loading=\"lazy\" decoding=\"async\" width=\"800\" height=\"240\" src=\"https:\/\/wstar77.blog\/wp-content\/uploads\/2025\/03\/dcdf3f7e-2b4c-4057-a891-b1cd674de9ca.png\" class=\"attachment-large size-large\" alt=\"\" srcset=\"https:\/\/wstar77.blog\/wp-content\/uploads\/2025\/03\/dcdf3f7e-2b4c-4057-a891-b1cd674de9ca.png 800w, https:\/\/wstar77.blog\/wp-content\/uploads\/2025\/03\/dcdf3f7e-2b4c-4057-a891-b1cd674de9ca-300x90.png 300w, https:\/\/wstar77.blog\/wp-content\/uploads\/2025\/03\/dcdf3f7e-2b4c-4057-a891-b1cd674de9ca-768x230.png 768w\" sizes=\"auto, (max-width: 800px) 100vw, 800px\" \/>\t\t\t\t\t\t\n\t\t\t\t\t<\/div>\n\t\t\t\t\t\t\t\t\n<style>\n#image_496085154 {\n  width: 100%;\n}\n<\/style>\n\t<\/div>\n\t \t\t<\/div>\n\t\t\t\t\t<\/div>\n\n\t \n\t<div id=\"col-1190569575\" class=\"col medium-6 small-12 large-6\"  >\n\t\t\t\t<div class=\"col-inner\"  >\n\t\t\t\n\t\t\t \t<div class=\"img has-hover x md-x lg-x y md-y lg-y\" id=\"image_418165951\">\n\t\t\t\t\t\t\t\t<div class=\"img-inner dark\" >\n\t\t\t<img loading=\"lazy\" decoding=\"async\" width=\"800\" height=\"240\" src=\"https:\/\/wstar77.blog\/wp-content\/uploads\/2025\/03\/09f3dca6-f604-44db-af3d-8c645de634c0.png\" class=\"attachment-original size-original\" alt=\"\" srcset=\"https:\/\/wstar77.blog\/wp-content\/uploads\/2025\/03\/09f3dca6-f604-44db-af3d-8c645de634c0.png 800w, https:\/\/wstar77.blog\/wp-content\/uploads\/2025\/03\/09f3dca6-f604-44db-af3d-8c645de634c0-300x90.png 300w, https:\/\/wstar77.blog\/wp-content\/uploads\/2025\/03\/09f3dca6-f604-44db-af3d-8c645de634c0-768x230.png 768w\" sizes=\"auto, (max-width: 800px) 100vw, 800px\" \/>\t\t\t\t\t\t\n\t\t\t\t\t<\/div>\n\t\t\t\t\t\t\t\t\n<style>\n#image_418165951 {\n  width: 100%;\n}\n<\/style>\n\t<\/div>\n\t \t\t<\/div>\n\t\t\t\t\t<\/div>\n\n\t <\/div> <div class=\"row row-small\"  id=\"row-162797418\"> \n\t<div id=\"col-1359205906\" class=\"col small-12 large-12\"  >\n\t\t\t\t<div class=\"col-inner\"  >\n\t\t\t\n\t\t\t <div class=\"container section-title-container\" ><h3 class=\"section-title section-title-center\"><b><\/b><span class=\"section-title-main\" style=\"color:rgb(0, 0, 0);\">WStar77 - Nh\u00e0 c\u00e1i \u0111a n\u0103ng v\u00e0 s\u1eb5n s\u00e0ng ph\u1ee5c v\u1ee5 ng\u01b0\u1eddi ch\u01a1i<\/span><b><\/b><\/h3><\/div> \t<div id=\"text-2143837688\" class=\"text\">\n\t\t\r\n<p>Trong danh s\u00e1ch nh\u1eefng nh\u00e0 c\u00e1i m\u1edbi n\u1ed5i t\u1ea1i Vi\u1ec7t Nam th\u00ec c\u00e1i t\u00ean <span data-sheets-root=\"1\"><a class=\"in-cell-link\" href=\"https:\/\/69vnt2.com\/\" target=\"_blank\" rel=\"noopener\">69VN<\/a><\/span> c\u0169ng g\u00e2y \u0111\u01b0\u1ee3c nhi\u1ec1u s\u1ef1 ch\u00fa \u00fd. Kh\u00f4ng ph\u1ea3i ng\u1eabu nhi\u00ean m\u00e0 WStar77 l\u1ea1i \u0111\u01b0\u1ee3c \u0111\u00e1nh gi\u00e1 cao \u0111\u1ebfn v\u1eady. V\u00ec n\u1ebfu theo d\u00f5i k\u1ef9 c\u00e1c th\u00f4ng tin v\u1ec1 <a href=\"https:\/\/ok8386.finance\/\"><strong>ok8386 \u0111\u0103ng nh\u1eadp<\/strong><\/a>, <span data-sheets-root=\"1\"><a class=\"in-cell-link\" href=\"https:\/\/888clb.work\/\" target=\"_blank\" rel=\"noopener\">88clb<\/a><\/span> th\u00ec b\u1ea1n s\u1ebd nh\u1eadn th\u1ea5y nh\u00e0 c\u00e1i n\u00e0y s\u1edf h\u1eefu nhi\u1ec1u t\u00ednh n\u0103ng c\u00e1 c\u01b0\u1ee3c hi\u1ec7n \u0111\u1ea1i, ti\u1ec1n th\u01b0\u1edfng l\u1edbn v\u00e0 d\u1ecbch v\u1ee5 h\u1ed7 tr\u1ee3 ng\u01b0\u1eddi ch\u01a1i chuy\u00ean nghi\u1ec7p c\u0169ng g\u00f3p ph\u1ea7n l\u00e0m n\u00ean th\u00e0nh c\u00f4ng cho WStar77.<\/p>\r\n<blockquote>\r\n<p>&gt;&gt; <strong><span data-sheets-root=\"1\">https:\/\/88bet.house\/, OK8386, <a href=\"https:\/\/ok8386a.net\/\">trang ch\u1ee7 ok8386<\/a>, <a href=\"https:\/\/ok8386a.com\">Trang ch\u1ee7 OK8386<\/a>, <a href=\"https:\/\/ok8386.uk.com\/\">ok8386.com<\/a>, <a href=\"https:\/\/ok8386.money\/\">ok8386 com<\/a>, <a href=\"https:\/\/ok8386.blue\/\">trang ch\u1ee7 ok8386<\/a> | <a href=\"https:\/\/79kingggg.com\/\">79KING. COM<\/a> |\u00a0<a class=\"in-cell-link\" href=\"http:\/\/go99me.com\" target=\"_blank\" rel=\"noopener\">go99me.com<\/a> <b>| <a href=\"https:\/\/33winn.ru.com\/\">trang ch\u1ee7 33win<\/a> | <a class=\"in-cell-link\" href=\"https:\/\/surgaslot77.com\/\" target=\"_blank\" rel=\"noopener\">xem chi ti\u1ebft t\u1ea1i \u0111\u00e2y<\/a>,\u00a0<\/b><\/span><\/strong><\/p>\r\n<\/blockquote>\r\n<p>\u0110\u1ed1i t\u00e1c:<span data-sheets-root=\"1\">\u00a0<a class=\"in-cell-link\" href=\"https:\/\/mb66ls.com\/\" target=\"_blank\" rel=\"noopener\">mb66<\/a>, <a class=\"in-cell-link\" href=\"https:\/\/luck8dl.com\/\" target=\"_blank\" rel=\"noopener\">Luck8<\/a>, <a class=\"in-cell-link\" href=\"http:\/\/go99.mx\/\" target=\"_blank\" rel=\"noopener\">Go99<\/a>, <a class=\"in-cell-link\" href=\"https:\/\/nk88com.io\/\" target=\"_blank\" rel=\"noopener\">nk88<\/a>, <a class=\"in-cell-link\" href=\"https:\/\/luck8com.biz\/\" target=\"_blank\" rel=\"noopener\">Luck8<\/a>, <a class=\"in-cell-link\" href=\"https:\/\/j88t2.org\/\" target=\"_blank\" rel=\"noopener\">J88<\/a>, <strong><a href=\"https:\/\/88betcom.pro\">88BET<\/a><\/strong> | <strong><a href=\"https:\/\/go99sam.com\">GO99<\/a><\/strong> |\u00a0<strong><a href=\"https:\/\/789win1.live\/\">789WIN<\/a><\/strong> |\u00a0<strong><a class=\"in-cell-link\" href=\"https:\/\/bl555.br.com\/\" target=\"_blank\" rel=\"noopener\">BL555<\/a>, <a class=\"in-cell-link\" href=\"https:\/\/888new.blue\/\" target=\"_blank\" rel=\"noopener\">888NEW<\/a>, <a href=\"https:\/\/mb66an.com\/\">mb66<\/a>, <a href=\"https:\/\/mb66ls.com\/\">mb66<\/a> <b>| <a href=\"https:\/\/nohu.study\/\">n\u1ed5 h\u0169<\/a> <span style=\"font-weight: 400;\">| <a href=\"https:\/\/789winn.jpn.com\/\">nh\u00e0 c\u00e1i 789win<\/a> | <a href=\"https:\/\/23winer.com\/\">23 win<\/a> |<\/span><\/b><\/strong><\/span><\/p>\r\n\t\t\n<style>\n#text-2143837688 {\n  color: rgb(0,0,0);\n}\n#text-2143837688 > * {\n  color: rgb(0,0,0);\n}\n<\/style>\n\t<\/div>\n\t \t\t<\/div>\n\t\t\t\t\t<\/div>\n\n\t <\/div> \t\t<\/div>\n\n\t\t\n<style>\n#section_573116672 {\n  padding-top: 30px;\n  padding-bottom: 30px;\n}\n<\/style>\n\t<\/section>\n\t\r\n","protected":false},"excerpt":{"rendered":"","protected":false},"author":1,"featured_media":0,"parent":0,"menu_order":0,"comment_status":"closed","ping_status":"closed","template":"page-blank.php","meta":{"footnotes":""},"class_list":["post-7","page","type-page","status-publish","hentry"],"_links":{"self":[{"href":"https:\/\/wstar77.blog\/index.php\/wp-json\/wp\/v2\/pages\/7","targetHints":{"allow":["GET"]}}],"collection":[{"href":"https:\/\/wstar77.blog\/index.php\/wp-json\/wp\/v2\/pages"}],"about":[{"href":"https:\/\/wstar77.blog\/index.php\/wp-json\/wp\/v2\/types\/page"}],"author":[{"embeddable":true,"href":"https:\/\/wstar77.blog\/index.php\/wp-json\/wp\/v2\/users\/1"}],"replies":[{"embeddable":true,"href":"https:\/\/wstar77.blog\/index.php\/wp-json\/wp\/v2\/comments?post=7"}],"version-history":[{"count":38,"href":"https:\/\/wstar77.blog\/index.php\/wp-json\/wp\/v2\/pages\/7\/revisions"}],"predecessor-version":[{"id":138,"href":"https:\/\/wstar77.blog\/index.php\/wp-json\/wp\/v2\/pages\/7\/revisions\/138"}],"wp:attachment":[{"href":"https:\/\/wstar77.blog\/index.php\/wp-json\/wp\/v2\/media?parent=7"}],"curies":[{"name":"wp","href":"https:\/\/api.w.org\/{rel}","templated":true}]}}